{"id":7726,"date":"2021-12-09T11:59:51","date_gmt":"2021-12-09T09:59:51","guid":{"rendered":"https:\/\/iroute.eu\/?page_id=7726"},"modified":"2023-10-09T10:17:44","modified_gmt":"2023-10-09T07:17:44","slug":"home","status":"publish","type":"page","link":"https:\/\/iroute.eu\/ro\/","title":{"rendered":"Home"},"content":{"rendered":"<section class=\"l-section wpb_row us_custom_31a0d6ab height_custom color_primary with_shape\"><div class=\"l-section-shape type_wave pos_bottom\" style=\"height:15vmin;\"><svg xmlns=\"http:\/\/www.w3.org\/2000\/svg\" viewBox=\"0 4 64 4\" preserveAspectRatio=\"none\" width=\"100%\" height=\"100%\">\r\n\t<path fill=\"currentColor\" d=\"M64 6 C32 0 32 12 0 6 L0 8 L64 8 Z\"\/>\r\n<\/svg><\/div><div class=\"l-section-h i-cf\"><div class=\"g-cols vc_row via_flex valign_top type_default stacking_default\"><div class=\"vc_col-sm-12 wpb_column vc_column_container\"><div class=\"vc_column-inner\"><div class=\"wpb_wrapper\"><h1 class=\"w-itext us_custom_4a2050fc type_typingChars align_center\" onclick='return {&quot;duration&quot;:150,&quot;delay&quot;:1000,&quot;disablePartAnimation&quot;:false,&quot;html_nbsp_char&quot;:true}'><span class=\"w-itext-part changesat_0 changesat_1 changesat_2 changesat_3 dynamic\" onclick='return [&quot;Rute\\u00a0mai\\u00a0eficiente&quot;,&quot;Rute\\u00a0mai\\u00a0inteligente&quot;,&quot;Rute\\u00a0adaptate\\u00a0la\\u00a0execu\\u021bie&quot;,&quot;iRoute&quot;]'><span>Rute&nbsp;mai&nbsp;eficiente<\/span><i class=\"w-itext-cursor\"><\/i><\/span><\/h1><div class=\"w-separator size_custom\" style=\"height:12vh\"><\/div><\/div><\/div><\/div><\/div><\/div><\/section><section class=\"l-section wpb_row height_custom\"><div class=\"l-section-h i-cf\"><div class=\"g-cols vc_row via_flex valign_top type_default stacking_default\"><div class=\"vc_col-sm-12 wpb_column vc_column_container\"><div class=\"vc_column-inner\"><div class=\"wpb_wrapper\"><div class=\"g-cols wpb_row via_flex valign_top type_default stacking_default\"><div class=\"vc_col-sm-8 wpb_column vc_column_container\"><div class=\"vc_column-inner\"><div class=\"wpb_wrapper\"><div class=\"wpb_text_column\"><div class=\"wpb_wrapper\"><h3>Informa\u021bii despre proiect<\/h3>\n<p><strong>Titlul proiectului:<\/strong><br \/>\niRoute (Platform\u0103 software analitic\u0103 integrat\u0103 pentru planificarea, optimizarea \u0219i monitorizarea flotelor auto)<br \/>\n(EUREKA \u2013 A Europe-wide Network for Market-Oriented Industrial R&amp;D and Innovation, UEFISCDI contract nr. 191\/2020 \/ 01.10.2020 )<\/p>\n<p><strong>Director proiect:<\/strong><br \/>\nFlorian Anghelache<\/p>\n<p><strong>Responsabil Universitatea Politehnica Bucure\u0219ti:<\/strong><br \/>\nConstantin Viorel MARIAN<\/p>\n<p><strong>Responsabil Inden:<\/strong><br \/>\nAndra\u017e \u017dertek<\/p>\n<p><strong>Bugetul total al proiectului:<\/strong><br \/>\n830,984 \u20ac \/ Buget public: 491,992 \u20ac<\/p>\n<p><strong>Durata implement\u0103rii proiectului:<\/strong><br \/>\n36 luni<\/p>\n<\/div><\/div><\/div><\/div><\/div><div class=\"vc_col-sm-4 wpb_column vc_column_container\"><div class=\"vc_column-inner\"><div class=\"wpb_wrapper\"><div class=\"w-separator size_large\"><\/div><div class=\"wpb_text_column\"><div class=\"wpb_wrapper\"><p><strong>Finan\u021bat de:<\/strong><br \/>\n<a href=\"http:\/\/uefiscdi.gov.ro\/\">UEFISCDI<\/a> \u2013 Program de Inovare \u2013 Cooperare European\u0103 Eureka \u2013 Subprogram Eurostars..<\/p>\n<p><a href=\"http:\/\/uefiscdi.gov.ro\/\"><img loading=\"lazy\" decoding=\"async\" class=\" wp-image-7671 aligncenter\" src=\"https:\/\/iroute.eu\/wp-content\/uploads\/2020\/12\/uefiscdi-11-e1607439858141.jpg\" alt=\"\" width=\"215\" height=\"74\" \/><\/a><br \/>\nVizita\u021bi proiectul iRoute pe site-ul <a href=\"http:\/\/www.eurostars-eureka.eu\/\">EUREKA\/Eurostars<\/a>.<\/p>\n<p><a href=\"http:\/\/www.eurostars-eureka.eu\/\"><img loading=\"lazy\" decoding=\"async\" class=\" wp-image-7667 aligncenter\" src=\"https:\/\/iroute.eu\/wp-content\/uploads\/2020\/12\/eurostars1-e1607439970328.png\" alt=\"\" width=\"205\" height=\"125\" srcset=\"https:\/\/iroute.eu\/wp-content\/uploads\/2020\/12\/eurostars1-e1607439970328.png 573w, https:\/\/iroute.eu\/wp-content\/uploads\/2020\/12\/eurostars1-e1607439970328-300x183.png 300w\" sizes=\"auto, (max-width: 205px) 100vw, 205px\" \/><\/a><\/p>\n<\/div><\/div><\/div><\/div><\/div><\/div><div class=\"w-separator size_medium\"><\/div><div class=\"g-cols wpb_row via_flex valign_top type_default stacking_default\"><div class=\"vc_col-sm-8 wpb_column vc_column_container\"><div class=\"vc_column-inner\"><div class=\"wpb_wrapper\"><div class=\"wpb_text_column\"><div class=\"wpb_wrapper\"><h3>Descrierea proiectului<\/h3>\n<p style=\"text-align: left;\">Pentru furnizorii de servicii de transport, \u021binerea pasului cu cerin\u021bele pie\u021bei a devenit din ce \u00een ce mai complex\u0103. Gestionarea comenzilor, colectarea \u0219i livrarea m\u0103rfurilor reprezint\u0103 o provocare pentru multe companii. Pe m\u0103sur\u0103 ce cursa competitiv\u0103 cre\u0219te, multe companii caut\u0103 noi solu\u021bii, dezvolt\u0103 noi procese interne \u0219i evalueaz\u0103 noi modele de generare de venituri \u0219i profit.<\/p>\n<p style=\"text-align: left;\">Furnizorii mari de sisteme VRS (Vehicle Routing and Scheduling) precum SAP, Oracle, JDA se concentreaz\u0103 \u00een primul r\u00e2nd pe clien\u021bii enterprise cu solu\u021bii on-premise. Celelalte categorii de clien\u021bi \u2013 SMB (Small and Medium Business) \u0219i SME (Small and Medium Enterprise) nu au prea multe op\u021biuni din care s\u0103 aleag\u0103 pentru o solu\u021bie care s\u0103 \u00eei ajute s\u0103 ob\u021bin\u0103 rezultatele de mai sus. Mai mult, solu\u021biile existente necesit\u0103 implementare complex\u0103 \u0219i costuri lunare mari. F\u0103r\u0103 o platform\u0103 VRS integrat\u0103, ca o coloana vertebral\u0103 a opera\u021biunilor de transport, companiile tind s\u0103 se bazeze pe abilit\u0103\u021bile oamenilor care sunt pricepu\u021bi s\u0103 scoat\u0103 date din diferite sisteme \u0219i s\u0103 le foloseasc\u0103 \u00een foi de calcul. Inevitabil, la un moment critic al ciclului de via\u021b\u0103 al companiei, aceast\u0103 situa\u021bie creeaz\u0103 un blocaj pentru luarea deciziilor de management.<\/p>\n<p style=\"text-align: left;\">\u00cen acest proiect vom dezvolta o solu\u021bie inovatoare VRS (planificarea vehiculelor, programarea \u0219i optimizarea rutei), platforma iRoute. Scopul acestei solu\u021bii este de a ajuta clien\u021bii IMM-uri s\u0103 fac\u0103 mai multe afaceri cu resursele lor existente \u0219i s\u0103 reduc\u0103 costurile de operare a acestora. iRoute este despre planificarea \u0219i optimizarea resurselor precum vehicule, \u0219oferi \u0219i speciali\u0219ti, pentru gestionarea comenzilor clien\u021bilor finali \u00een limitele convenite (loca\u021bie, ferestre de timp, capacit\u0103\u021bi, specializare \u0219i a\u0219a mai departe).<\/p>\n<\/div><\/div><\/div><\/div><\/div><div class=\"vc_col-sm-4 wpb_column vc_column_container\"><div class=\"vc_column-inner\"><div class=\"wpb_wrapper\"><div class=\"w-separator size_large\"><\/div><div class=\"w-image has_ratio align_none\"><div class=\"w-image-h\"><div style=\"padding-bottom:100%\"><\/div><img decoding=\"async\" width=\"700\" height=\"401\" src=\"https:\/\/iroute.eu\/wp-content\/uploads\/2021\/12\/Connectivity_connected_road1.jpg\" class=\"attachment-large size-large\" alt=\"\" loading=\"lazy\" \/><\/div><\/div><\/div><\/div><\/div><\/div><\/div><\/div><\/div><\/div><\/div><\/section><section class=\"l-section wpb_row height_small color_primary\"><div class=\"l-section-h i-cf\"><div class=\"g-cols vc_row via_flex valign_top type_default stacking_default\"><div class=\"vc_col-sm-8 wpb_column vc_column_container\"><div class=\"vc_column-inner\"><div class=\"wpb_wrapper\"><h3 class=\"w-text us_custom_a5c88937 icon_atleft\"><span class=\"w-text-h\"><i class=\"far fa-code\"><\/i><span class=\"w-text-value\">Stare proiect \u2013 Finalizat etapa 4 (din 4) \u2013 Dezvoltarea prototipului final iRoute<\/span><\/span><\/h3><\/div><\/div><\/div><div class=\"vc_col-sm-4 wpb_column vc_column_container\"><div class=\"vc_column-inner\"><div class=\"wpb_wrapper\"><div class=\"w-btn-wrapper align_none\"><a class=\"w-btn us-btn-style_2\" title=\"Prototipul ini\u021bial al solu\u021biei iRoute este gata\" href=\"https:\/\/iroute.eu\/ro\/prototipul-final-al-solutiei-iroute-este-gata\/\"><span class=\"w-btn-label\">Click aici pentru detalii<\/span><\/a><\/div><\/div><\/div><\/div><\/div><\/div><\/section>\n","protected":false},"excerpt":{"rendered":"Rute&nbsp;mai&nbsp;eficienteInforma\u021bii despre proiect Titlul proiectului: iRoute (Platform\u0103 software analitic\u0103 integrat\u0103 pentru planificarea, optimizarea \u0219i monitorizarea flotelor auto) (EUREKA \u2013 A Europe-wide Network for Market-Oriented Industrial R&amp;D and Innovation, UEFISCDI contract nr. 191\/2020 \/ 01.10.2020 ) Director proiect: Florian Anghelache Responsabil Universitatea Politehnica Bucure\u0219ti: Constantin Viorel MARIAN Responsabil Inden: Andra\u017e \u017dertek Bugetul total al proiectului: 830,984...","protected":false},"author":1,"featured_media":0,"parent":0,"menu_order":0,"comment_status":"closed","ping_status":"closed","template":"","meta":{"_acf_changed":false,"_monsterinsights_skip_tracking":false,"_monsterinsights_sitenote_active":false,"_monsterinsights_sitenote_note":"","_monsterinsights_sitenote_category":0,"footnotes":""},"class_list":["post-7726","page","type-page","status-publish","hentry"],"acf":[],"_links":{"self":[{"href":"https:\/\/iroute.eu\/ro\/wp-json\/wp\/v2\/pages\/7726","targetHints":{"allow":["GET"]}}],"collection":[{"href":"https:\/\/iroute.eu\/ro\/wp-json\/wp\/v2\/pages"}],"about":[{"href":"https:\/\/iroute.eu\/ro\/wp-json\/wp\/v2\/types\/page"}],"author":[{"embeddable":true,"href":"https:\/\/iroute.eu\/ro\/wp-json\/wp\/v2\/users\/1"}],"replies":[{"embeddable":true,"href":"https:\/\/iroute.eu\/ro\/wp-json\/wp\/v2\/comments?post=7726"}],"version-history":[{"count":12,"href":"https:\/\/iroute.eu\/ro\/wp-json\/wp\/v2\/pages\/7726\/revisions"}],"predecessor-version":[{"id":7885,"href":"https:\/\/iroute.eu\/ro\/wp-json\/wp\/v2\/pages\/7726\/revisions\/7885"}],"wp:attachment":[{"href":"https:\/\/iroute.eu\/ro\/wp-json\/wp\/v2\/media?parent=7726"}],"curies":[{"name":"wp","href":"https:\/\/api.w.org\/{rel}","templated":true}]}}