{"id":7729,"date":"2021-12-09T17:04:40","date_gmt":"2021-12-09T15:04:40","guid":{"rendered":"https:\/\/iroute.eu\/publicatii\/"},"modified":"2021-12-09T17:12:52","modified_gmt":"2021-12-09T15:12:52","slug":"publicatii","status":"publish","type":"page","link":"https:\/\/iroute.eu\/ro\/publicatii\/","title":{"rendered":"Publica\u021bii"},"content":{"rendered":"<section class=\"l-section wpb_row height_custom\"><div class=\"l-section-h i-cf\"><div class=\"g-cols vc_row via_flex valign_top type_default stacking_default\"><div class=\"vc_col-sm-12 wpb_column vc_column_container\"><div class=\"vc_column-inner\"><div class=\"wpb_wrapper\"><form class=\"w-filter for_grid state_desktop us-field-style_1 layout_hor items_1 mod_side style_switch_default align_center drop_on_hover hide_item_title\" action onsubmit=\"return false;\" onclick='return {&quot;filterPrefix&quot;:&quot;filter&quot;,&quot;hideDisabledValues&quot;:false,&quot;layout&quot;:&quot;hor&quot;,&quot;mobileWidth&quot;:600,&quot;use_grid&quot;:&quot;first&quot;,&quot;gridNotFoundMessage&quot;:&quot;Nothing to filter. Add a suitable Grid to this page.&quot;}'><div class=\"w-filter-list\"><div class=\"w-filter-list-title\">Filters<\/div><button class=\"w-filter-list-closer\" title=\"\u00cenchide\" aria-label=\"\u00cenchide\"><\/button><div class=\"w-filter-item type_checkbox\" data-source=\"tax|category\"><button class=\"w-filter-item-title\">Categorie<span><\/span><\/button><a class=\"w-filter-item-reset\" href=\"#\" title=\"Reset\"><span>Reset<\/span><\/a><div class=\"w-filter-item-content\"><div class=\"w-filter-item-values\" data-maxheight=\"40vh\" style=\"max-height:40vh\"><div class=\"w-filter-item-value\" data-item-amount=\"12\"><label><input type=\"checkbox\" value=\"evenimente\" name=\"filter_category\"><span class=\"w-filter-item-value-label\">Evenimente<\/span><span class=\"w-filter-item-value-amount\">12<\/span><\/label><\/div><div class=\"w-filter-item-value\" data-item-amount=\"4\"><label><input type=\"checkbox\" value=\"publicatii\" name=\"filter_category\"><span class=\"w-filter-item-value-label\">Publica\u021bii<\/span><span class=\"w-filter-item-value-amount\">4<\/span><\/label><\/div><\/div><\/div><\/div><\/div><div class=\"w-filter-list-panel\"><button class=\"w-btn us-btn-style_1\"><span class=\"w-btn-label\">Aplic\u0103<\/span><\/button><\/div><style>@media( max-width:600px ){.w-filter.state_desktop .w-filter-list,.w-filter-item-title>span{display:none}.w-filter-opener{display:inline-block}}<\/style><button class=\"w-filter-opener\"><span>Filters<\/span><\/button><div class=\"w-filter-json-filters-args hidden\" onclick='return {&quot;taxonomies_query_args&quot;:{&quot;tax|category&quot;:{&quot;evenimente&quot;:{&quot;fields&quot;:&quot;ids&quot;,&quot;nopaging&quot;:true,&quot;post_status&quot;:[&quot;publish&quot;,&quot;acf-disabled&quot;,&quot;inherit&quot;],&quot;post_type&quot;:[],&quot;posts_per_page&quot;:1,&quot;suppress_filters&quot;:true,&quot;tax_query&quot;:[{&quot;taxonomy&quot;:&quot;category&quot;,&quot;field&quot;:&quot;slug&quot;,&quot;terms&quot;:&quot;evenimente&quot;}]},&quot;necategorizat&quot;:{&quot;fields&quot;:&quot;ids&quot;,&quot;nopaging&quot;:true,&quot;post_status&quot;:[&quot;publish&quot;,&quot;acf-disabled&quot;,&quot;inherit&quot;],&quot;post_type&quot;:[],&quot;posts_per_page&quot;:1,&quot;suppress_filters&quot;:true,&quot;tax_query&quot;:[{&quot;taxonomy&quot;:&quot;category&quot;,&quot;field&quot;:&quot;slug&quot;,&quot;terms&quot;:&quot;necategorizat&quot;}]},&quot;publicatii&quot;:{&quot;fields&quot;:&quot;ids&quot;,&quot;nopaging&quot;:true,&quot;post_status&quot;:[&quot;publish&quot;,&quot;acf-disabled&quot;,&quot;inherit&quot;],&quot;post_type&quot;:[],&quot;posts_per_page&quot;:1,&quot;suppress_filters&quot;:true,&quot;tax_query&quot;:[{&quot;taxonomy&quot;:&quot;category&quot;,&quot;field&quot;:&quot;slug&quot;,&quot;terms&quot;:&quot;publicatii&quot;}]}}}}'><\/div><\/form><div class=\"w-separator size_medium\"><\/div><div class=\"w-grid type_masonry layout_blog_8 cols_2 pagination_infinite overflow_hidden with_isotope with_css_animation\" id=\"us_grid_1\" style=\"--columns:2;--gap:1.5rem;\" data-filterable=\"true\"><style>@media (max-width:600px){#us_grid_1{--columns:1!important}}.layout_blog_8 .w-grid-item-h{}@media(max-width:599px){.layout_blog_8 .usg_post_date_1{display:none!important}}@media(max-width:599px){.layout_blog_8 .usg_post_content_1{display:none!important}}.layout_blog_8 .usg_post_image_1{width:50%!important}.layout_blog_8 .usg_vwrapper_1{width:50%!important;margin-right:0!important}.layout_blog_8 .usg_hwrapper_2{margin-bottom:0!important}.layout_blog_8 .usg_post_taxonomy_1{font-size:14px!important;line-height:1.4!important;font-weight:700!important;text-transform:uppercase!important;margin-right:0.8rem!important}.layout_blog_8 .usg_post_date_1{color:var(--color-content-faded)!important;font-size:14px!important;line-height:1.4!important}.layout_blog_8 .usg_post_title_1{color:var(--color-content-heading)!important;font-size:1.8rem!important;line-height:1.2!important;margin-right:-35%!important;margin-bottom:0!important;padding-top:1rem!important;padding-right:1.2rem!important;padding-bottom:1rem!important;background:var(--color-content-bg)!important}.layout_blog_8 .usg_post_content_1{font-size:0.9rem!important;line-height:1.6!important;padding-right:1.5rem!important}@media (max-width:600px){.layout_blog_8 .usg_post_title_1{font-size:1.2rem!important;margin-right:0!important;padding-bottom:0!important}}<\/style><div class=\"w-grid-list\">\t<article class=\"w-grid-item us_animate_aft off_autostart size_1x1 post-7893 post type-post status-publish format-standard hentry category-publicatii\" data-id=\"7893\" style=\"animation-delay:0s\">\r\n\t\t<div class=\"w-grid-item-h\">\r\n\t\t\t\t\t\t<div class=\"w-hwrapper usg_hwrapper_1 align_none valign_top\"><div class=\"w-vwrapper usg_vwrapper_1 align_none valign_top\"><div class=\"w-hwrapper usg_hwrapper_2 align_none valign_top wrap\"><div class=\"w-post-elm post_taxonomy usg_post_taxonomy_1 style_simple\"><a class=\"term-51 term-publicatii\" href=\"https:\/\/iroute.eu\/ro\/categorie\/publicatii\/\">Publica\u021bii<\/a><\/div><time class=\"w-post-elm post_date usg_post_date_1 has_text_color entry-date published\" datetime=\"2023-09-29T10:29:05+03:00\" title=\"29 septembrie 2023 la 10:29:05 Europe\/Bucharest\">acum 3 ani<\/time><\/div><h2 class=\"w-post-elm post_title usg_post_title_1 has_text_color entry-title color_link_inherit\"><a href=\"https:\/\/iroute.eu\/ro\/articol-stiintific-nr-4-solutie-de-planificare-rute-adaptiva-pentru-flotele-de-vehicule-comerciale\/\">Articol \u0219tiin\u021bific nr. 4 \u2013 Solu\u021bie de planificare rute adaptiva pentru flotele de vehicule comerciale<\/a><\/h2><div class=\"w-post-elm post_content usg_post_content_1\">Autori: Florian Anghelache, Dan Alexandru Mitrea, Constantin Viorel Marian, Nicolae Goga, Andrei Vasilateanu, Vladut Radulescu, Dan Musat, Diana Scurtu Publicat: aplicat pentru publicare \u00eentr-un&hellip;<\/div><\/div><div class=\"w-post-elm post_image usg_post_image_1 has_width has_ratio with_placeholder\"><a href=\"https:\/\/iroute.eu\/ro\/articol-stiintific-nr-4-solutie-de-planificare-rute-adaptiva-pentru-flotele-de-vehicule-comerciale\/\" aria-label=\"Articol \u0219tiin\u021bific nr. 4 \u2013 Solu\u021bie de planificare rute adaptiva pentru flotele de vehicule comerciale\"><img loading=\"lazy\" decoding=\"async\" class=\"g-placeholder\" src=\"https:\/\/iroute.eu\/wp-content\/plugins\/us-core\/assets\/images\/placeholder.svg\" width=\"1024\" height=\"1024\" alt><\/a><div style=\"padding-bottom:100%\"><\/div><\/div><\/div>\t\t<\/div>\r\n\t\t\t<\/article>\r\n\t<article class=\"w-grid-item us_animate_aft off_autostart size_1x1 post-7850 post type-post status-publish format-standard hentry category-publicatii\" data-id=\"7850\" style=\"animation-delay:0.1s\">\r\n\t\t<div class=\"w-grid-item-h\">\r\n\t\t\t\t\t\t<div class=\"w-hwrapper usg_hwrapper_1 align_none valign_top\"><div class=\"w-vwrapper usg_vwrapper_1 align_none valign_top\"><div class=\"w-hwrapper usg_hwrapper_2 align_none valign_top wrap\"><div class=\"w-post-elm post_taxonomy usg_post_taxonomy_1 style_simple\"><a class=\"term-51 term-publicatii\" href=\"https:\/\/iroute.eu\/ro\/categorie\/publicatii\/\">Publica\u021bii<\/a><\/div><time class=\"w-post-elm post_date usg_post_date_1 has_text_color entry-date published\" datetime=\"2022-10-26T13:17:46+03:00\" title=\"26 octombrie 2022 la 13:17:46 Europe\/Bucharest\">acum 3 ani<\/time><\/div><h2 class=\"w-post-elm post_title usg_post_title_1 has_text_color entry-title color_link_inherit\"><a href=\"https:\/\/iroute.eu\/ro\/articol-stiintific-nr-3-algoritm-adaptiv-de-planificare-a-rutei-bazat-pe-executii-istorice-pentru-flotele-de-vehicule-comerciale\/\">Articol \u0219tiin\u021bific nr. 3 \u2013 Algoritm adaptiv de planificare a rutei bazat pe execu\u021bii istorice pentru flotele de vehicule comerciale<\/a><\/h2><div class=\"w-post-elm post_content usg_post_content_1\">Autori: Florian Anghelache, Dan Alexandru Mitrea, Nicolae Goga, Andrei Vasilateanu, Vladut Radulescu, Dan Musat, Diana Scurtu Publicat: Conferin\u021ba interna\u021bional\u0103 IEEE despre Blockchain, solutii inteligente&hellip;<\/div><\/div><div class=\"w-post-elm post_image usg_post_image_1 has_width has_ratio with_placeholder\"><a href=\"https:\/\/iroute.eu\/ro\/articol-stiintific-nr-3-algoritm-adaptiv-de-planificare-a-rutei-bazat-pe-executii-istorice-pentru-flotele-de-vehicule-comerciale\/\" aria-label=\"Articol \u0219tiin\u021bific nr. 3 \u2013 Algoritm adaptiv de planificare a rutei bazat pe execu\u021bii istorice pentru flotele de vehicule comerciale\"><img loading=\"lazy\" decoding=\"async\" class=\"g-placeholder\" src=\"https:\/\/iroute.eu\/wp-content\/plugins\/us-core\/assets\/images\/placeholder.svg\" width=\"1024\" height=\"1024\" alt><\/a><div style=\"padding-bottom:100%\"><\/div><\/div><\/div>\t\t<\/div>\r\n\t\t\t<\/article>\r\n\t<article class=\"w-grid-item us_animate_aft off_autostart size_1x1 post-7855 post type-post status-publish format-standard hentry category-publicatii\" data-id=\"7855\" style=\"animation-delay:0.2s\">\r\n\t\t<div class=\"w-grid-item-h\">\r\n\t\t\t\t\t\t<div class=\"w-hwrapper usg_hwrapper_1 align_none valign_top\"><div class=\"w-vwrapper usg_vwrapper_1 align_none valign_top\"><div class=\"w-hwrapper usg_hwrapper_2 align_none valign_top wrap\"><div class=\"w-post-elm post_taxonomy usg_post_taxonomy_1 style_simple\"><a class=\"term-51 term-publicatii\" href=\"https:\/\/iroute.eu\/ro\/categorie\/publicatii\/\">Publica\u021bii<\/a><\/div><time class=\"w-post-elm post_date usg_post_date_1 has_text_color entry-date published\" datetime=\"2022-04-25T13:20:37+03:00\" title=\"25 aprilie 2022 la 13:20:37 Europe\/Bucharest\">acum 4 ani<\/time><\/div><h2 class=\"w-post-elm post_title usg_post_title_1 has_text_color entry-title color_link_inherit\"><a href=\"https:\/\/iroute.eu\/ro\/articol-stiintific-nr-2-arhitectura-unui-sistem-inovator-de-planificare-a-rutelor-destinat-parcurilor-de-vehicule-comerciale-sustenabile\/\">Articol \u0219tiin\u021bific nr. 2 \u2013 Arhitectura unui sistem inovator de planificare a rutelor destinat parcurilor de vehicule comerciale sustenabile<\/a><\/h2><div class=\"w-post-elm post_content usg_post_content_1\">Autori: Florian Anghelache, Dan Alexandru Mitrea, Nicolae Goga, Andrei Vasilateanu, Vladut Radulescu, Dan Musat, Diana Scurtu Publicat: Conferin\u021ba IEEE despre Tehnologii pentru Sustenabilitate (SusTech&hellip;<\/div><\/div><div class=\"w-post-elm post_image usg_post_image_1 has_width has_ratio with_placeholder\"><a href=\"https:\/\/iroute.eu\/ro\/articol-stiintific-nr-2-arhitectura-unui-sistem-inovator-de-planificare-a-rutelor-destinat-parcurilor-de-vehicule-comerciale-sustenabile\/\" aria-label=\"Articol \u0219tiin\u021bific nr. 2 \u2013 Arhitectura unui sistem inovator de planificare a rutelor destinat parcurilor de vehicule comerciale sustenabile\"><img loading=\"lazy\" decoding=\"async\" class=\"g-placeholder\" src=\"https:\/\/iroute.eu\/wp-content\/plugins\/us-core\/assets\/images\/placeholder.svg\" width=\"1024\" height=\"1024\" alt><\/a><div style=\"padding-bottom:100%\"><\/div><\/div><\/div>\t\t<\/div>\r\n\t\t\t<\/article>\r\n\t<article class=\"w-grid-item us_animate_aft off_autostart size_1x1 post-7735 post type-post status-publish format-standard hentry category-publicatii\" data-id=\"7735\" style=\"animation-delay:0.3s\">\r\n\t\t<div class=\"w-grid-item-h\">\r\n\t\t\t\t\t\t<div class=\"w-hwrapper usg_hwrapper_1 align_none valign_top\"><div class=\"w-vwrapper usg_vwrapper_1 align_none valign_top\"><div class=\"w-hwrapper usg_hwrapper_2 align_none valign_top wrap\"><div class=\"w-post-elm post_taxonomy usg_post_taxonomy_1 style_simple\"><a class=\"term-51 term-publicatii\" href=\"https:\/\/iroute.eu\/ro\/categorie\/publicatii\/\">Publica\u021bii<\/a><\/div><time class=\"w-post-elm post_date usg_post_date_1 has_text_color entry-date published\" datetime=\"2021-07-01T17:21:15+03:00\" title=\"1 iulie 2021 la 17:21:15 Europe\/Bucharest\">acum 5 ani<\/time><\/div><h2 class=\"w-post-elm post_title usg_post_title_1 has_text_color entry-title color_link_inherit\"><a href=\"https:\/\/iroute.eu\/ro\/articolul-stiintific-nr-1-o-cercetare-cantitativa-pentru-determinarea-cerintelor-utilizatorilor-pentru-un-sistem-inovator-de-planificare-a-rutelor-destinat-parcurilor-de-vehicule-comercial\/\">Articolul \u0219tiin\u021bific nr. 1 \u2013 O cercetare cantitativ\u0103 pentru determinarea cerin\u021belor utilizatorilor pentru un sistem inovator de planificare a rutelor, destinat parcurilor de vehicule comerciale<\/a><\/h2><div class=\"w-post-elm post_content usg_post_content_1\">Autori: Florian Anghelache, Dan Alexandru Mitrea, Nicolae Goga, Andrei Vasilateanu, Vladut Radulescu, Dan Musat, Bujor Pavaloiu, Diana Scurtu Publicat: Electronics Computers and Artificial Intelligence&hellip;<\/div><\/div><div class=\"w-post-elm post_image usg_post_image_1 has_width has_ratio with_placeholder\"><a href=\"https:\/\/iroute.eu\/ro\/articolul-stiintific-nr-1-o-cercetare-cantitativa-pentru-determinarea-cerintelor-utilizatorilor-pentru-un-sistem-inovator-de-planificare-a-rutelor-destinat-parcurilor-de-vehicule-comercial\/\" aria-label=\"Articolul \u0219tiin\u021bific nr. 1 \u2013 O cercetare cantitativ\u0103 pentru determinarea cerin\u021belor utilizatorilor pentru un sistem inovator de planificare a rutelor, destinat parcurilor de vehicule comerciale\"><img loading=\"lazy\" decoding=\"async\" class=\"g-placeholder\" src=\"https:\/\/iroute.eu\/wp-content\/plugins\/us-core\/assets\/images\/placeholder.svg\" width=\"1024\" height=\"1024\" alt><\/a><div style=\"padding-bottom:100%\"><\/div><\/div><\/div>\t\t<\/div>\r\n\t\t\t<\/article>\r\n<\/div><div class=\"w-grid-preloader\">\t<div class=\"g-preloader type_1\">\r\n\t\t<div><\/div>\r\n\t<\/div>\r\n\t<\/div>\t<div class=\"w-grid-json hidden\" onclick='return {&quot;action&quot;:&quot;us_ajax_grid&quot;,&quot;infinite_scroll&quot;:0,&quot;max_num_pages&quot;:1,&quot;pagination&quot;:&quot;infinite&quot;,&quot;template_vars&quot;:{&quot;columns&quot;:&quot;2&quot;,&quot;exclude_items&quot;:&quot;none&quot;,&quot;img_size&quot;:&quot;default&quot;,&quot;ignore_items_size&quot;:0,&quot;items_layout&quot;:&quot;blog_8&quot;,&quot;items_offset&quot;:&quot;1&quot;,&quot;load_animation&quot;:&quot;aft&quot;,&quot;overriding_link&quot;:&quot;{\\&quot;url\\&quot;:\\&quot;\\&quot;}&quot;,&quot;post_id&quot;:0,&quot;query_args&quot;:{&quot;post_type&quot;:[&quot;post&quot;],&quot;tax_query&quot;:[{&quot;taxonomy&quot;:&quot;category&quot;,&quot;field&quot;:&quot;slug&quot;,&quot;terms&quot;:[&quot;publicatii&quot;]}],&quot;post_status&quot;:[&quot;publish&quot;,&quot;acf-disabled&quot;],&quot;posts_per_page&quot;:&quot;8&quot;},&quot;orderby_query_args&quot;:{&quot;orderby&quot;:{&quot;date&quot;:&quot;DESC&quot;}},&quot;type&quot;:&quot;masonry&quot;,&quot;us_grid_post_type&quot;:&quot;post&quot;,&quot;us_grid_ajax_index&quot;:1,&quot;us_grid_filter_query_string&quot;:null,&quot;us_grid_index&quot;:1,&quot;page_args&quot;:[],&quot;lang&quot;:&quot;ro&quot;}}'><\/div>\r\n\t<\/div><\/div><\/div><\/div><\/div><\/div><\/section>\n","protected":false},"excerpt":{"rendered":"Autori: Florian Anghelache, Dan Alexandru Mitrea, Nicolae Goga, Andrei Vasilateanu, Vladut Radulescu, Dan Musat, Bujor Pavaloiu, Diana Scurtu Publicat: Electronics Computers and Artificial Intelligence (ECAI), a 13-a conferin\u021b\u0103 interna\u021bional\u0103, 1-3 iulie 2021 Num\u0103rul de comenzi online plasate de clien\u021bi a crescut rapid \u00een ultimii ani, duc\u00e2nd la o problem\u0103 de logistic\u0103 a transporturilor. Procesul de...","protected":false},"author":1,"featured_media":0,"parent":0,"menu_order":0,"comment_status":"closed","ping_status":"closed","template":"","meta":{"_acf_changed":false,"_monsterinsights_skip_tracking":false,"_monsterinsights_sitenote_active":false,"_monsterinsights_sitenote_note":"","_monsterinsights_sitenote_category":0,"footnotes":""},"class_list":["post-7729","page","type-page","status-publish","hentry"],"acf":[],"_links":{"self":[{"href":"https:\/\/iroute.eu\/ro\/wp-json\/wp\/v2\/pages\/7729","targetHints":{"allow":["GET"]}}],"collection":[{"href":"https:\/\/iroute.eu\/ro\/wp-json\/wp\/v2\/pages"}],"about":[{"href":"https:\/\/iroute.eu\/ro\/wp-json\/wp\/v2\/types\/page"}],"author":[{"embeddable":true,"href":"https:\/\/iroute.eu\/ro\/wp-json\/wp\/v2\/users\/1"}],"replies":[{"embeddable":true,"href":"https:\/\/iroute.eu\/ro\/wp-json\/wp\/v2\/comments?post=7729"}],"version-history":[{"count":5,"href":"https:\/\/iroute.eu\/ro\/wp-json\/wp\/v2\/pages\/7729\/revisions"}],"predecessor-version":[{"id":7734,"href":"https:\/\/iroute.eu\/ro\/wp-json\/wp\/v2\/pages\/7729\/revisions\/7734"}],"wp:attachment":[{"href":"https:\/\/iroute.eu\/ro\/wp-json\/wp\/v2\/media?parent=7729"}],"curies":[{"name":"wp","href":"https:\/\/api.w.org\/{rel}","templated":true}]}}