{"id":7743,"date":"2021-12-09T17:29:02","date_gmt":"2021-12-09T15:29:02","guid":{"rendered":"https:\/\/iroute.eu\/evenimente\/"},"modified":"2021-12-09T17:29:08","modified_gmt":"2021-12-09T15:29:08","slug":"evenimente","status":"publish","type":"page","link":"https:\/\/iroute.eu\/ro\/evenimente\/","title":{"rendered":"Evenimente"},"content":{"rendered":"<section class=\"l-section wpb_row height_custom\"><div class=\"l-section-h i-cf\"><div class=\"g-cols vc_row via_flex valign_top type_default stacking_default\"><div class=\"vc_col-sm-12 wpb_column vc_column_container\"><div class=\"vc_column-inner\"><div class=\"wpb_wrapper\"><form class=\"w-filter for_grid state_desktop us-field-style_1 layout_hor items_1 mod_side style_switch_default align_center drop_on_hover hide_item_title\" action onsubmit=\"return false;\" onclick='return {&quot;filterPrefix&quot;:&quot;filter&quot;,&quot;hideDisabledValues&quot;:false,&quot;layout&quot;:&quot;hor&quot;,&quot;mobileWidth&quot;:600,&quot;use_grid&quot;:&quot;first&quot;,&quot;gridNotFoundMessage&quot;:&quot;Nothing to filter. Add a suitable Grid to this page.&quot;}'><div class=\"w-filter-list\"><div class=\"w-filter-list-title\">Filters<\/div><button class=\"w-filter-list-closer\" title=\"\u00cenchide\" aria-label=\"\u00cenchide\"><\/button><div class=\"w-filter-item type_checkbox\" data-source=\"tax|category\"><button class=\"w-filter-item-title\">Categorie<span><\/span><\/button><a class=\"w-filter-item-reset\" href=\"#\" title=\"Reset\"><span>Reset<\/span><\/a><div class=\"w-filter-item-content\"><div class=\"w-filter-item-values\" data-maxheight=\"40vh\" style=\"max-height:40vh\"><div class=\"w-filter-item-value\" data-item-amount=\"12\"><label><input type=\"checkbox\" value=\"evenimente\" name=\"filter_category\"><span class=\"w-filter-item-value-label\">Evenimente<\/span><span class=\"w-filter-item-value-amount\">12<\/span><\/label><\/div><div class=\"w-filter-item-value\" data-item-amount=\"4\"><label><input type=\"checkbox\" value=\"publicatii\" name=\"filter_category\"><span class=\"w-filter-item-value-label\">Publica\u021bii<\/span><span class=\"w-filter-item-value-amount\">4<\/span><\/label><\/div><\/div><\/div><\/div><\/div><div class=\"w-filter-list-panel\"><button class=\"w-btn us-btn-style_1\"><span class=\"w-btn-label\">Aplic\u0103<\/span><\/button><\/div><style>@media( max-width:600px ){.w-filter.state_desktop .w-filter-list,.w-filter-item-title>span{display:none}.w-filter-opener{display:inline-block}}<\/style><button class=\"w-filter-opener\"><span>Filters<\/span><\/button><div class=\"w-filter-json-filters-args hidden\" onclick='return {&quot;taxonomies_query_args&quot;:{&quot;tax|category&quot;:{&quot;evenimente&quot;:{&quot;fields&quot;:&quot;ids&quot;,&quot;nopaging&quot;:true,&quot;post_status&quot;:[&quot;publish&quot;,&quot;acf-disabled&quot;,&quot;inherit&quot;],&quot;post_type&quot;:[],&quot;posts_per_page&quot;:1,&quot;suppress_filters&quot;:true,&quot;tax_query&quot;:[{&quot;taxonomy&quot;:&quot;category&quot;,&quot;field&quot;:&quot;slug&quot;,&quot;terms&quot;:&quot;evenimente&quot;}]},&quot;necategorizat&quot;:{&quot;fields&quot;:&quot;ids&quot;,&quot;nopaging&quot;:true,&quot;post_status&quot;:[&quot;publish&quot;,&quot;acf-disabled&quot;,&quot;inherit&quot;],&quot;post_type&quot;:[],&quot;posts_per_page&quot;:1,&quot;suppress_filters&quot;:true,&quot;tax_query&quot;:[{&quot;taxonomy&quot;:&quot;category&quot;,&quot;field&quot;:&quot;slug&quot;,&quot;terms&quot;:&quot;necategorizat&quot;}]},&quot;publicatii&quot;:{&quot;fields&quot;:&quot;ids&quot;,&quot;nopaging&quot;:true,&quot;post_status&quot;:[&quot;publish&quot;,&quot;acf-disabled&quot;,&quot;inherit&quot;],&quot;post_type&quot;:[],&quot;posts_per_page&quot;:1,&quot;suppress_filters&quot;:true,&quot;tax_query&quot;:[{&quot;taxonomy&quot;:&quot;category&quot;,&quot;field&quot;:&quot;slug&quot;,&quot;terms&quot;:&quot;publicatii&quot;}]}}}}'><\/div><\/form><div class=\"w-separator size_medium\"><\/div><div class=\"w-grid type_masonry layout_blog_8 cols_2 pagination_infinite overflow_hidden with_isotope with_css_animation\" id=\"us_grid_1\" style=\"--columns:2;--gap:1.5rem;\" data-filterable=\"true\"><style>@media (max-width:600px){#us_grid_1{--columns:1!important}}.layout_blog_8 .w-grid-item-h{}@media(max-width:599px){.layout_blog_8 .usg_post_date_1{display:none!important}}@media(max-width:599px){.layout_blog_8 .usg_post_content_1{display:none!important}}.layout_blog_8 .usg_post_image_1{width:50%!important}.layout_blog_8 .usg_vwrapper_1{width:50%!important;margin-right:0!important}.layout_blog_8 .usg_hwrapper_2{margin-bottom:0!important}.layout_blog_8 .usg_post_taxonomy_1{font-size:14px!important;line-height:1.4!important;font-weight:700!important;text-transform:uppercase!important;margin-right:0.8rem!important}.layout_blog_8 .usg_post_date_1{color:var(--color-content-faded)!important;font-size:14px!important;line-height:1.4!important}.layout_blog_8 .usg_post_title_1{color:var(--color-content-heading)!important;font-size:1.8rem!important;line-height:1.2!important;margin-right:-35%!important;margin-bottom:0!important;padding-top:1rem!important;padding-right:1.2rem!important;padding-bottom:1rem!important;background:var(--color-content-bg)!important}.layout_blog_8 .usg_post_content_1{font-size:0.9rem!important;line-height:1.6!important;padding-right:1.5rem!important}@media (max-width:600px){.layout_blog_8 .usg_post_title_1{font-size:1.2rem!important;margin-right:0!important;padding-bottom:0!important}}<\/style><div class=\"w-grid-list\">\t<article class=\"w-grid-item us_animate_aft off_autostart size_1x1 post-7911 post type-post status-publish format-gallery has-post-thumbnail hentry category-evenimente post_format-post-format-gallery\" data-id=\"7911\" style=\"animation-delay:0s\">\r\n\t\t<div class=\"w-grid-item-h\">\r\n\t\t\t\t\t\t<div class=\"w-hwrapper usg_hwrapper_1 align_none valign_top\"><div class=\"w-vwrapper usg_vwrapper_1 align_none valign_top\"><div class=\"w-hwrapper usg_hwrapper_2 align_none valign_top wrap\"><div class=\"w-post-elm post_taxonomy usg_post_taxonomy_1 style_simple\"><a class=\"term-50 term-evenimente\" href=\"https:\/\/iroute.eu\/ro\/categorie\/evenimente\/\">Evenimente<\/a><\/div><time class=\"w-post-elm post_date usg_post_date_1 has_text_color entry-date published\" datetime=\"2023-10-26T11:51:50+03:00\" title=\"26 octombrie 2023 la 11:51:50 Europe\/Bucharest\">acum 2 ani<\/time><\/div><h2 class=\"w-post-elm post_title usg_post_title_1 has_text_color entry-title color_link_inherit\"><a href=\"https:\/\/iroute.eu\/ro\/participare-la-evenimentul-no-time-for-downtime-din-bucuresti-25-oct-2023\/\">Participare la evenimentul No Time for Downtime, din Bucure\u0219ti, 25 Oct. 2023<\/a><\/h2><div class=\"w-post-elm post_content usg_post_content_1\">Solu\u021bia iRoute a fost prezentat\u0103 la evenimentul No Time for Downtime, cel mai important eveniment de infrastructur\u0103 \u0219i solu\u021bii IT avansate, destinate companiilor, din&hellip;<\/div><\/div><div class=\"w-post-elm post_image usg_post_image_1 has_width has_ratio\"><a href=\"https:\/\/iroute.eu\/ro\/participare-la-evenimentul-no-time-for-downtime-din-bucuresti-25-oct-2023\/\" aria-label=\"Participare la evenimentul No Time for Downtime, din Bucure\u0219ti, 25 Oct. 2023\"><img loading=\"lazy\" decoding=\"async\" width=\"1024\" height=\"642\" src=\"https:\/\/iroute.eu\/wp-content\/uploads\/2024\/02\/IMG_20231024_213732_047-scaled1-1024x642.jpg\" class=\"attachment-large size-large wp-post-image\" alt=\"\" \/><\/a><div style=\"padding-bottom:100%\"><\/div><\/div><\/div>\t\t<\/div>\r\n\t\t\t<\/article>\r\n\t<article class=\"w-grid-item us_animate_aft off_autostart size_1x1 post-7881 post type-post status-publish format-standard hentry category-evenimente\" data-id=\"7881\" style=\"animation-delay:0.1s\">\r\n\t\t<div class=\"w-grid-item-h\">\r\n\t\t\t\t\t\t<div class=\"w-hwrapper usg_hwrapper_1 align_none valign_top\"><div class=\"w-vwrapper usg_vwrapper_1 align_none valign_top\"><div class=\"w-hwrapper usg_hwrapper_2 align_none valign_top wrap\"><div class=\"w-post-elm post_taxonomy usg_post_taxonomy_1 style_simple\"><a class=\"term-50 term-evenimente\" href=\"https:\/\/iroute.eu\/ro\/categorie\/evenimente\/\">Evenimente<\/a><\/div><time class=\"w-post-elm post_date usg_post_date_1 has_text_color entry-date published\" datetime=\"2023-09-27T10:16:21+03:00\" title=\"27 septembrie 2023 la 10:16:21 Europe\/Bucharest\">acum 3 ani<\/time><\/div><h2 class=\"w-post-elm post_title usg_post_title_1 has_text_color entry-title color_link_inherit\"><a href=\"https:\/\/iroute.eu\/ro\/prototipul-final-al-solutiei-iroute-este-gata\/\">Prototipul final al solu\u021biei iRoute este gata<\/a><\/h2><div class=\"w-post-elm post_content usg_post_content_1\">Ne afl\u0103m le sf\u00e2r\u0219itul proiectului de cercetare \u0219i dezvoltare solu\u021bie iRoute. Versiunea actual\u0103 are toate componentele solu\u021biei proiectate din primele etape: modul de preluare&hellip;<\/div><\/div><div class=\"w-post-elm post_image usg_post_image_1 has_width has_ratio with_placeholder\"><a href=\"https:\/\/iroute.eu\/ro\/prototipul-final-al-solutiei-iroute-este-gata\/\" aria-label=\"Prototipul final al solu\u021biei iRoute este gata\"><img loading=\"lazy\" decoding=\"async\" class=\"g-placeholder\" src=\"https:\/\/iroute.eu\/wp-content\/plugins\/us-core\/assets\/images\/placeholder.svg\" width=\"1024\" height=\"1024\" alt><\/a><div style=\"padding-bottom:100%\"><\/div><\/div><\/div>\t\t<\/div>\r\n\t\t\t<\/article>\r\n\t<article class=\"w-grid-item us_animate_aft off_autostart size_1x1 post-7846 post type-post status-publish format-standard hentry category-evenimente\" data-id=\"7846\" style=\"animation-delay:0.2s\">\r\n\t\t<div class=\"w-grid-item-h\">\r\n\t\t\t\t\t\t<div class=\"w-hwrapper usg_hwrapper_1 align_none valign_top\"><div class=\"w-vwrapper usg_vwrapper_1 align_none valign_top\"><div class=\"w-hwrapper usg_hwrapper_2 align_none valign_top wrap\"><div class=\"w-post-elm post_taxonomy usg_post_taxonomy_1 style_simple\"><a class=\"term-50 term-evenimente\" href=\"https:\/\/iroute.eu\/ro\/categorie\/evenimente\/\">Evenimente<\/a><\/div><time class=\"w-post-elm post_date usg_post_date_1 has_text_color entry-date published\" datetime=\"2022-11-29T13:07:55+02:00\" title=\"29 noiembrie 2022 la 13:07:55 Europe\/Bucharest\">acum 3 ani<\/time><\/div><h2 class=\"w-post-elm post_title usg_post_title_1 has_text_color entry-title color_link_inherit\"><a href=\"https:\/\/iroute.eu\/ro\/prototipul-alpha-al-solutiei-iroute-este-gata\/\">Prototipul Alpha al solu\u021biei iRoute este gata<\/a><\/h2><div class=\"w-post-elm post_content usg_post_content_1\">Dup\u0103 c\u00e2teva luni de analiz\u0103, proiectare, dezvoltare \u0219i testare a modulelor iRoute, am reu\u0219it s\u0103 finaliz\u0103m prototipul Alpha al solu\u021biei noastre. Versiunea actual\u0103 are&hellip;<\/div><\/div><div class=\"w-post-elm post_image usg_post_image_1 has_width has_ratio with_placeholder\"><a href=\"https:\/\/iroute.eu\/ro\/prototipul-alpha-al-solutiei-iroute-este-gata\/\" aria-label=\"Prototipul Alpha al solu\u021biei iRoute este gata\"><img loading=\"lazy\" decoding=\"async\" class=\"g-placeholder\" src=\"https:\/\/iroute.eu\/wp-content\/plugins\/us-core\/assets\/images\/placeholder.svg\" width=\"1024\" height=\"1024\" alt><\/a><div style=\"padding-bottom:100%\"><\/div><\/div><\/div>\t\t<\/div>\r\n\t\t\t<\/article>\r\n\t<article class=\"w-grid-item us_animate_aft off_autostart size_1x1 post-7842 post type-post status-publish format-standard hentry category-evenimente\" data-id=\"7842\" style=\"animation-delay:0.3s\">\r\n\t\t<div class=\"w-grid-item-h\">\r\n\t\t\t\t\t\t<div class=\"w-hwrapper usg_hwrapper_1 align_none valign_top\"><div class=\"w-vwrapper usg_vwrapper_1 align_none valign_top\"><div class=\"w-hwrapper usg_hwrapper_2 align_none valign_top wrap\"><div class=\"w-post-elm post_taxonomy usg_post_taxonomy_1 style_simple\"><a class=\"term-50 term-evenimente\" href=\"https:\/\/iroute.eu\/ro\/categorie\/evenimente\/\">Evenimente<\/a><\/div><time class=\"w-post-elm post_date usg_post_date_1 has_text_color entry-date published\" datetime=\"2022-10-28T10:30:38+03:00\" title=\"28 octombrie 2022 la 10:30:38 Europe\/Bucharest\">acum 3 ani<\/time><\/div><h2 class=\"w-post-elm post_title usg_post_title_1 has_text_color entry-title color_link_inherit\"><a href=\"https:\/\/iroute.eu\/ro\/participare-la-conferinta-internationala-ieee-smartblock4health-2022-blockchain-solutii-inteligente-asistenta-medicala-si-tehnologii-emergente-24-25-octombrie-2022\/\">Participare la Conferinta interna\u021bional\u0103 IEEE SmartBlock4Health 2022 (Blockchain, solutii inteligente asisten\u021b\u0103 medical\u0103 \u0219i tehnologii emergente), 24-25 Octombrie 2022<\/a><\/h2><div class=\"w-post-elm post_content usg_post_content_1\">Al treilea articol despre iRoute a fost prezentat la Conferin\u021ba interna\u021bional\u0103 IEEE privind Blockchain, Smart Healthcare \u0219i Emerging Technologies 2022 (SmartBlock4Health 2022). A fost&hellip;<\/div><\/div><div class=\"w-post-elm post_image usg_post_image_1 has_width has_ratio with_placeholder\"><a href=\"https:\/\/iroute.eu\/ro\/participare-la-conferinta-internationala-ieee-smartblock4health-2022-blockchain-solutii-inteligente-asistenta-medicala-si-tehnologii-emergente-24-25-octombrie-2022\/\" aria-label=\"Participare la Conferinta interna\u021bional\u0103 IEEE SmartBlock4Health 2022 (Blockchain, solutii inteligente asisten\u021b\u0103 medical\u0103 \u0219i tehnologii emergente), 24-25 Octombrie 2022\"><img loading=\"lazy\" decoding=\"async\" class=\"g-placeholder\" src=\"https:\/\/iroute.eu\/wp-content\/plugins\/us-core\/assets\/images\/placeholder.svg\" width=\"1024\" height=\"1024\" alt><\/a><div style=\"padding-bottom:100%\"><\/div><\/div><\/div>\t\t<\/div>\r\n\t\t\t<\/article>\r\n\t<article class=\"w-grid-item us_animate_aft off_autostart size_1x1 post-7837 post type-post status-publish format-standard hentry category-evenimente\" data-id=\"7837\" style=\"animation-delay:0s\">\r\n\t\t<div class=\"w-grid-item-h\">\r\n\t\t\t\t\t\t<div class=\"w-hwrapper usg_hwrapper_1 align_none valign_top\"><div class=\"w-vwrapper usg_vwrapper_1 align_none valign_top\"><div class=\"w-hwrapper usg_hwrapper_2 align_none valign_top wrap\"><div class=\"w-post-elm post_taxonomy usg_post_taxonomy_1 style_simple\"><a class=\"term-50 term-evenimente\" href=\"https:\/\/iroute.eu\/ro\/categorie\/evenimente\/\">Evenimente<\/a><\/div><time class=\"w-post-elm post_date usg_post_date_1 has_text_color entry-date published\" datetime=\"2022-04-25T12:50:18+03:00\" title=\"25 aprilie 2022 la 12:50:18 Europe\/Bucharest\">acum 4 ani<\/time><\/div><h2 class=\"w-post-elm post_title usg_post_title_1 has_text_color entry-title color_link_inherit\"><a href=\"https:\/\/iroute.eu\/ro\/participare-la-conferinta-internationala-sustech-2022-tehnologii-pentru-durabilitate-editia-a-9-a-21-23-aprilie-2022\/\">Participare la conferin\u021ba interna\u021bional\u0103 Sustech 2022 (Tehnologii pentru durabilitate), edi\u021bia a 9-a, 21-23 Aprilie 2022<\/a><\/h2><div class=\"w-post-elm post_content usg_post_content_1\">Al doilea articol despre produsul nostru a fost prezentat la Conferin\u021ba interna\u021bional\u0103 IEEE privind tehnologiile pentru durabilitate (SusTech). A fost cea de-a 9-a edi\u021bie&hellip;<\/div><\/div><div class=\"w-post-elm post_image usg_post_image_1 has_width has_ratio with_placeholder\"><a href=\"https:\/\/iroute.eu\/ro\/participare-la-conferinta-internationala-sustech-2022-tehnologii-pentru-durabilitate-editia-a-9-a-21-23-aprilie-2022\/\" aria-label=\"Participare la conferin\u021ba interna\u021bional\u0103 Sustech 2022 (Tehnologii pentru durabilitate), edi\u021bia a 9-a, 21-23 Aprilie 2022\"><img loading=\"lazy\" decoding=\"async\" class=\"g-placeholder\" src=\"https:\/\/iroute.eu\/wp-content\/plugins\/us-core\/assets\/images\/placeholder.svg\" width=\"1024\" height=\"1024\" alt><\/a><div style=\"padding-bottom:100%\"><\/div><\/div><\/div>\t\t<\/div>\r\n\t\t\t<\/article>\r\n\t<article class=\"w-grid-item us_animate_aft off_autostart size_1x1 post-7804 post type-post status-publish format-standard hentry category-evenimente\" data-id=\"7804\" style=\"animation-delay:0.1s\">\r\n\t\t<div class=\"w-grid-item-h\">\r\n\t\t\t\t\t\t<div class=\"w-hwrapper usg_hwrapper_1 align_none valign_top\"><div class=\"w-vwrapper usg_vwrapper_1 align_none valign_top\"><div class=\"w-hwrapper usg_hwrapper_2 align_none valign_top wrap\"><div class=\"w-post-elm post_taxonomy usg_post_taxonomy_1 style_simple\"><a class=\"term-50 term-evenimente\" href=\"https:\/\/iroute.eu\/ro\/categorie\/evenimente\/\">Evenimente<\/a><\/div><time class=\"w-post-elm post_date usg_post_date_1 has_text_color entry-date published\" datetime=\"2021-12-07T11:33:25+02:00\" title=\"7 decembrie 2021 la 11:33:25 Europe\/Bucharest\">acum 4 ani<\/time><\/div><h2 class=\"w-post-elm post_title usg_post_title_1 has_text_color entry-title color_link_inherit\"><a href=\"https:\/\/iroute.eu\/ro\/prototipul-initial-al-solutiei-iroute-este-gata\/\">Prototipul ini\u021bial al solu\u021biei iRoute este gata<\/a><\/h2><div class=\"w-post-elm post_content usg_post_content_1\">Cu sprijinul tuturor echipelor partenere implicate in proiect am reusit sa finalizam prototipul initial al solutiei iRoute. Chiar daca nu contine toate functionalitatile din&hellip;<\/div><\/div><div class=\"w-post-elm post_image usg_post_image_1 has_width has_ratio with_placeholder\"><a href=\"https:\/\/iroute.eu\/ro\/prototipul-initial-al-solutiei-iroute-este-gata\/\" aria-label=\"Prototipul ini\u021bial al solu\u021biei iRoute este gata\"><img loading=\"lazy\" decoding=\"async\" class=\"g-placeholder\" src=\"https:\/\/iroute.eu\/wp-content\/plugins\/us-core\/assets\/images\/placeholder.svg\" width=\"1024\" height=\"1024\" alt><\/a><div style=\"padding-bottom:100%\"><\/div><\/div><\/div>\t\t<\/div>\r\n\t\t\t<\/article>\r\n\t<article class=\"w-grid-item us_animate_aft off_autostart size_1x1 post-7797 post type-post status-publish format-standard hentry category-evenimente\" data-id=\"7797\" style=\"animation-delay:0.2s\">\r\n\t\t<div class=\"w-grid-item-h\">\r\n\t\t\t\t\t\t<div class=\"w-hwrapper usg_hwrapper_1 align_none valign_top\"><div class=\"w-vwrapper usg_vwrapper_1 align_none valign_top\"><div class=\"w-hwrapper usg_hwrapper_2 align_none valign_top wrap\"><div class=\"w-post-elm post_taxonomy usg_post_taxonomy_1 style_simple\"><a class=\"term-50 term-evenimente\" href=\"https:\/\/iroute.eu\/ro\/categorie\/evenimente\/\">Evenimente<\/a><\/div><time class=\"w-post-elm post_date usg_post_date_1 has_text_color entry-date published\" datetime=\"2021-07-01T11:28:18+03:00\" title=\"1 iulie 2021 la 11:28:18 Europe\/Bucharest\">acum 5 ani<\/time><\/div><h2 class=\"w-post-elm post_title usg_post_title_1 has_text_color entry-title color_link_inherit\"><a href=\"https:\/\/iroute.eu\/ro\/participare-la-conferinta-internationala-ecai-electronics-computers-and-artificial-intelligence-editia-13\/\">Participare la conferin\u021ba interna\u021bional\u0103 ECAI (Electronics Computers and Artificial Intelligence), edi\u021bia 13<\/a><\/h2><div class=\"w-post-elm post_content usg_post_content_1\">Pentru a prezenta rezultatele sondajului realizat in prima etapa, am decis sa-l prezentam in cadrul unei conferinte stintifice \u2013 ECAI (Electronics Computers and Artificial&hellip;<\/div><\/div><div class=\"w-post-elm post_image usg_post_image_1 has_width has_ratio with_placeholder\"><a href=\"https:\/\/iroute.eu\/ro\/participare-la-conferinta-internationala-ecai-electronics-computers-and-artificial-intelligence-editia-13\/\" aria-label=\"Participare la conferin\u021ba interna\u021bional\u0103 ECAI (Electronics Computers and Artificial Intelligence), edi\u021bia 13\"><img loading=\"lazy\" decoding=\"async\" class=\"g-placeholder\" src=\"https:\/\/iroute.eu\/wp-content\/plugins\/us-core\/assets\/images\/placeholder.svg\" width=\"1024\" height=\"1024\" alt><\/a><div style=\"padding-bottom:100%\"><\/div><\/div><\/div>\t\t<\/div>\r\n\t\t\t<\/article>\r\n\t<article class=\"w-grid-item us_animate_aft off_autostart size_1x1 post-7794 post type-post status-publish format-standard hentry category-evenimente\" data-id=\"7794\" style=\"animation-delay:0.3s\">\r\n\t\t<div class=\"w-grid-item-h\">\r\n\t\t\t\t\t\t<div class=\"w-hwrapper usg_hwrapper_1 align_none valign_top\"><div class=\"w-vwrapper usg_vwrapper_1 align_none valign_top\"><div class=\"w-hwrapper usg_hwrapper_2 align_none valign_top wrap\"><div class=\"w-post-elm post_taxonomy usg_post_taxonomy_1 style_simple\"><a class=\"term-50 term-evenimente\" href=\"https:\/\/iroute.eu\/ro\/categorie\/evenimente\/\">Evenimente<\/a><\/div><time class=\"w-post-elm post_date usg_post_date_1 has_text_color entry-date published\" datetime=\"2020-11-01T11:25:35+02:00\" title=\"1 noiembrie 2020 la 11:25:35 Europe\/Bucharest\">acum 5 ani<\/time><\/div><h2 class=\"w-post-elm post_title usg_post_title_1 has_text_color entry-title color_link_inherit\"><a href=\"https:\/\/iroute.eu\/ro\/publicat-sondaj-online-despre-cerinte-utilizatori-pentru-o-solutie-de-planificare-rute\/\">Publicat sondaj online despre cerin\u021be utilizatori pentru o solu\u021bie de planificare rute<\/a><\/h2><div class=\"w-post-elm post_content usg_post_content_1\">Una din primele activitati la care am decis sa lucram a fost sa realizam o cercetare de piata despre cele mai populare cerinte si&hellip;<\/div><\/div><div class=\"w-post-elm post_image usg_post_image_1 has_width has_ratio with_placeholder\"><a href=\"https:\/\/iroute.eu\/ro\/publicat-sondaj-online-despre-cerinte-utilizatori-pentru-o-solutie-de-planificare-rute\/\" aria-label=\"Publicat sondaj online despre cerin\u021be utilizatori pentru o solu\u021bie de planificare rute\"><img loading=\"lazy\" decoding=\"async\" class=\"g-placeholder\" src=\"https:\/\/iroute.eu\/wp-content\/plugins\/us-core\/assets\/images\/placeholder.svg\" width=\"1024\" height=\"1024\" alt><\/a><div style=\"padding-bottom:100%\"><\/div><\/div><\/div>\t\t<\/div>\r\n\t\t\t<\/article>\r\n<\/div><div class=\"w-grid-preloader\">\t<div class=\"g-preloader type_1\">\r\n\t\t<div><\/div>\r\n\t<\/div>\r\n\t<\/div>\t\t\t<div class=\"g-loadmore \">\r\n\t\t\t\t<div class=\"g-preloader type_1\">\r\n\t\t\t\t\t<div><\/div>\r\n\t\t\t\t<\/div>\r\n\t\t\t\t<button class=\"w-btn us-btn-style_1\">\r\n\t\t\t\t\t<span class=\"w-btn-label\">Load More<\/span>\r\n\t\t\t\t<\/button>\r\n\t\t\t<\/div>\r\n\t\t\t\t<div class=\"w-grid-json hidden\" onclick='return {&quot;action&quot;:&quot;us_ajax_grid&quot;,&quot;infinite_scroll&quot;:true,&quot;max_num_pages&quot;:2,&quot;pagination&quot;:&quot;ajax&quot;,&quot;template_vars&quot;:{&quot;columns&quot;:&quot;2&quot;,&quot;exclude_items&quot;:&quot;none&quot;,&quot;img_size&quot;:&quot;default&quot;,&quot;ignore_items_size&quot;:0,&quot;items_layout&quot;:&quot;blog_8&quot;,&quot;items_offset&quot;:&quot;1&quot;,&quot;load_animation&quot;:&quot;aft&quot;,&quot;overriding_link&quot;:&quot;{\\&quot;url\\&quot;:\\&quot;\\&quot;}&quot;,&quot;post_id&quot;:0,&quot;query_args&quot;:{&quot;post_type&quot;:[&quot;post&quot;],&quot;tax_query&quot;:[{&quot;taxonomy&quot;:&quot;category&quot;,&quot;field&quot;:&quot;slug&quot;,&quot;terms&quot;:[&quot;evenimente&quot;]}],&quot;post_status&quot;:[&quot;publish&quot;,&quot;acf-disabled&quot;],&quot;posts_per_page&quot;:&quot;8&quot;},&quot;orderby_query_args&quot;:{&quot;orderby&quot;:{&quot;date&quot;:&quot;DESC&quot;}},&quot;type&quot;:&quot;masonry&quot;,&quot;us_grid_post_type&quot;:&quot;post&quot;,&quot;us_grid_ajax_index&quot;:1,&quot;us_grid_filter_query_string&quot;:null,&quot;us_grid_index&quot;:1,&quot;page_args&quot;:[],&quot;lang&quot;:&quot;ro&quot;}}'><\/div>\r\n\t<\/div><\/div><\/div><\/div><\/div><\/div><\/section>\n","protected":false},"excerpt":{"rendered":"Una din primele activitati la care am decis sa lucram a fost sa realizam o cercetare de piata despre cele mai populare cerinte si functionalitati pe care mediul de afaceri le cere de la o solutie de planificare rute. Am definit 21 de intrebari cu raspunsuri multiple. Am publicat sondajul in format online si l-am...","protected":false},"author":1,"featured_media":0,"parent":0,"menu_order":0,"comment_status":"closed","ping_status":"closed","template":"","meta":{"_acf_changed":false,"_monsterinsights_skip_tracking":false,"_monsterinsights_sitenote_active":false,"_monsterinsights_sitenote_note":"","_monsterinsights_sitenote_category":0,"footnotes":""},"class_list":["post-7743","page","type-page","status-publish","hentry"],"acf":[],"_links":{"self":[{"href":"https:\/\/iroute.eu\/ro\/wp-json\/wp\/v2\/pages\/7743","targetHints":{"allow":["GET"]}}],"collection":[{"href":"https:\/\/iroute.eu\/ro\/wp-json\/wp\/v2\/pages"}],"about":[{"href":"https:\/\/iroute.eu\/ro\/wp-json\/wp\/v2\/types\/page"}],"author":[{"embeddable":true,"href":"https:\/\/iroute.eu\/ro\/wp-json\/wp\/v2\/users\/1"}],"replies":[{"embeddable":true,"href":"https:\/\/iroute.eu\/ro\/wp-json\/wp\/v2\/comments?post=7743"}],"version-history":[{"count":5,"href":"https:\/\/iroute.eu\/ro\/wp-json\/wp\/v2\/pages\/7743\/revisions"}],"predecessor-version":[{"id":7748,"href":"https:\/\/iroute.eu\/ro\/wp-json\/wp\/v2\/pages\/7743\/revisions\/7748"}],"wp:attachment":[{"href":"https:\/\/iroute.eu\/ro\/wp-json\/wp\/v2\/media?parent=7743"}],"curies":[{"name":"wp","href":"https:\/\/api.w.org\/{rel}","templated":true}]}}