{"id":7749,"date":"2021-12-09T17:31:36","date_gmt":"2021-12-09T15:31:36","guid":{"rendered":"https:\/\/iroute.eu\/rezultate-asteptate\/"},"modified":"2023-10-09T09:55:33","modified_gmt":"2023-10-09T06:55:33","slug":"rezultate","status":"publish","type":"page","link":"https:\/\/iroute.eu\/ro\/rezultate\/","title":{"rendered":"Rezultate"},"content":{"rendered":"<section class=\"l-section wpb_row height_custom color_primary with_img parallax_hor bgwidth_130\"><div class=\"l-section-img\" role=\"img\" data-img-width=\"1800\" data-img-height=\"1200\" style=\"background-image: url(https:\/\/iroute.eu\/wp-content\/uploads\/2019\/07\/us-placeholder-landscape.jpg);\"><\/div><div class=\"l-section-overlay\" style=\"background:rgba(10,10,10,0.7)\"><\/div><div class=\"l-section-h i-cf\"><div class=\"g-cols vc_row via_flex valign_top type_default stacking_default\"><div class=\"vc_col-sm-12 wpb_column vc_column_container\"><div class=\"vc_column-inner\"><div class=\"wpb_wrapper\"><h1 class=\"w-post-elm post_title align_center entry-title color_link_inherit\">Rezultate<\/h1><div class=\"wpb_text_column\"><div class=\"wpb_wrapper\"><h6 style=\"text-align: center;\"><\/h6>\n<\/div><\/div><div class=\"w-separator size_small\"><\/div><div class=\"w-iconbox iconpos_top style_default color_custom align_center no_text no_title\"><div class=\"w-iconbox-icon\" style=\"font-size:2rem;\"><i class=\"far fa-chevron-down\"><\/i><\/div><div class=\"w-iconbox-meta\"><\/div><\/div><\/div><\/div><\/div><\/div><\/div><\/section><section class=\"l-section wpb_row height_custom\"><div class=\"l-section-h i-cf\"><div class=\"g-cols vc_row via_flex valign_top type_default stacking_default\"><div class=\"vc_col-sm-12 wpb_column vc_column_container\"><div class=\"vc_column-inner\"><div class=\"wpb_wrapper\"><div class=\"wpb_text_column\"><div class=\"wpb_wrapper\"><p>Proiectul iRoute const\u0103 \u00een:<\/p>\n<ul>\n<li>Platform\u0103 software care:\n<ul>\n<li>Prime\u0219te date telematice de la vehicule<\/li>\n<li>Se intregreaz\u0103 cu aplica\u021biile clien\u021bilor<\/li>\n<li>Planific\u0103 \u0219i optimizeaz\u0103 comenzile pe baza constr\u00e2ngerilor de afaceri<\/li>\n<li>Monitorizeaz\u0103 \u0219i raporteaz\u0103 compara\u021bia dintre plan \u0219i execu\u021bie<\/li>\n<li>Comunic\u0103 cu aplica\u021bia mobil\u0103 a \u0219oferului<\/li>\n<\/ul>\n<\/li>\n<li>Aplica\u021bia mobil\u0103 pentru \u0219ofer faciliteaz\u0103:\n<ul>\n<li>Primirea rutelor din ziua curent\u0103<\/li>\n<li>Pentru fiecare traseu\n<ul>\n<li>Vizualizarerea listei de comenzi<\/li>\n<li>Vizualizarea opririlor pe hart\u0103<\/li>\n<li>Ce trebuie livrat\/colectat\/facut la fiecare oprire<\/li>\n<li>Ob\u021binerea dovezii livr\u0103rii<\/li>\n<\/ul>\n<\/li>\n<li>Transmitere feedback c\u0103tre dispecer<\/li>\n<\/ul>\n<\/li>\n<\/ul>\n<\/div><\/div><\/div><\/div><\/div><\/div><\/div><\/section>\n","protected":false},"excerpt":{"rendered":"Rezultate Proiectul iRoute const\u0103 \u00een: Platform\u0103 software care: Prime\u0219te date telematice de la vehicule Se intregreaz\u0103 cu aplica\u021biile clien\u021bilor Planific\u0103 \u0219i optimizeaz\u0103 comenzile pe baza constr\u00e2ngerilor de afaceri Monitorizeaz\u0103 \u0219i raporteaz\u0103 compara\u021bia dintre plan \u0219i execu\u021bie Comunic\u0103 cu aplica\u021bia mobil\u0103 a \u0219oferului Aplica\u021bia mobil\u0103 pentru \u0219ofer faciliteaz\u0103: Primirea rutelor din ziua curent\u0103 Pentru fiecare traseu...","protected":false},"author":1,"featured_media":0,"parent":0,"menu_order":0,"comment_status":"closed","ping_status":"closed","template":"","meta":{"_acf_changed":false,"_monsterinsights_skip_tracking":false,"_monsterinsights_sitenote_active":false,"_monsterinsights_sitenote_note":"","_monsterinsights_sitenote_category":0,"footnotes":""},"class_list":["post-7749","page","type-page","status-publish","hentry"],"acf":[],"_links":{"self":[{"href":"https:\/\/iroute.eu\/ro\/wp-json\/wp\/v2\/pages\/7749","targetHints":{"allow":["GET"]}}],"collection":[{"href":"https:\/\/iroute.eu\/ro\/wp-json\/wp\/v2\/pages"}],"about":[{"href":"https:\/\/iroute.eu\/ro\/wp-json\/wp\/v2\/types\/page"}],"author":[{"embeddable":true,"href":"https:\/\/iroute.eu\/ro\/wp-json\/wp\/v2\/users\/1"}],"replies":[{"embeddable":true,"href":"https:\/\/iroute.eu\/ro\/wp-json\/wp\/v2\/comments?post=7749"}],"version-history":[{"count":7,"href":"https:\/\/iroute.eu\/ro\/wp-json\/wp\/v2\/pages\/7749\/revisions"}],"predecessor-version":[{"id":7880,"href":"https:\/\/iroute.eu\/ro\/wp-json\/wp\/v2\/pages\/7749\/revisions\/7880"}],"wp:attachment":[{"href":"https:\/\/iroute.eu\/ro\/wp-json\/wp\/v2\/media?parent=7749"}],"curies":[{"name":"wp","href":"https:\/\/api.w.org\/{rel}","templated":true}]}}