{"id":7751,"date":"2021-12-09T17:33:46","date_gmt":"2021-12-09T15:33:46","guid":{"rendered":"https:\/\/iroute.eu\/consortiu\/"},"modified":"2021-12-10T15:52:35","modified_gmt":"2021-12-10T13:52:35","slug":"consortiu","status":"publish","type":"page","link":"https:\/\/iroute.eu\/ro\/consortiu\/","title":{"rendered":"Consor\u021biu"},"content":{"rendered":"<section class=\"l-section wpb_row height_custom color_primary with_img parallax_ver\"><div class=\"l-section-img\" role=\"img\" data-img-width=\"1920\" data-img-height=\"1080\" style=\"background-image: url(https:\/\/iroute.eu\/wp-content\/uploads\/2020\/12\/News_Analysis_3_06_191.jpg);\"><\/div><div class=\"l-section-overlay\" style=\"background:rgba(10,10,10,0.7)\"><\/div><div class=\"l-section-h i-cf\"><div class=\"g-cols vc_row via_flex valign_top type_default stacking_default\"><div class=\"vc_col-sm-12 wpb_column vc_column_container\"><div class=\"vc_column-inner\"><div class=\"wpb_wrapper\"><h1 class=\"w-post-elm post_title align_center entry-title color_link_inherit\">Consor\u021biu<\/h1><div class=\"wpb_text_column\"><div class=\"wpb_wrapper\"><h6 style=\"text-align: center;\">iSYS Professional, UPB &amp; Inden d.o.o.<\/h6>\n<\/div><\/div><div class=\"w-separator size_small\"><\/div><div class=\"w-iconbox iconpos_top style_default color_custom align_center no_text no_title\"><div class=\"w-iconbox-icon\" style=\"font-size:2rem;\"><i class=\"far fa-chevron-down\"><\/i><\/div><div class=\"w-iconbox-meta\"><\/div><\/div><\/div><\/div><\/div><\/div><\/div><\/section><section class=\"l-section wpb_row height_custom color_alternate\"><div class=\"l-section-h i-cf\"><div class=\"g-cols vc_row via_flex valign_top type_default stacking_default\"><div class=\"vc_col-sm-12 wpb_column vc_column_container\"><div class=\"vc_column-inner\"><div class=\"wpb_wrapper\"><div class=\"wpb_text_column\"><div class=\"wpb_wrapper\"><p style=\"text-align: center;\">Proiectul iRoute este o ini\u021biativ\u0103 comun\u0103 a 3 organiza\u021bii din Rom\u00e2nia \u0219i Slovenia, cu dou\u0103 companii comerciale \u0219i o universitate public\u0103. To\u021bi au experien\u021b\u0103 \u00een proiecte de cercetare \u0219i dezvoltare, iar rezultatele lor le sus\u021bin obiectivul de a construi o astfel de solu\u021bie complex\u0103 \u0219i flexibil\u0103.<\/p>\n<\/div><\/div><div class=\"w-separator size_small\"><\/div><\/div><\/div><\/div><\/div><\/div><\/section><section class=\"l-section wpb_row us_custom_74f164fd height_custom\"><div class=\"l-section-h i-cf\"><div class=\"g-cols vc_row via_flex valign_top type_default stacking_default\"><div class=\"vc_col-sm-4 wpb_column vc_column_container\"><div class=\"vc_column-inner\"><div class=\"wpb_wrapper\"><div class=\"w-flipbox animation_cubetilt direction_n\"><div class=\"w-flipbox-h easing_easeInOutCirc\" style=\"transition-duration:0.4s;\"><div class=\"w-flipbox-hh\"><div class=\"w-flipbox-front us_custom_4b7c0ab9\" style=\"background-image:url(https:\/\/iroute.eu\/wp-content\/uploads\/2020\/12\/isys-logo.png);\"><div class=\"w-flipbox-front-h\"><\/div><\/div><div class=\"w-flipbox-back us_custom_4b7c0ab9\" style=\"display:none;background:var(--color-content-text);color:var(--color-content-bg);\"><div class=\"w-flipbox-back-h\"><h4 class=\"w-flipbox-back-title\">iSYS Professional<\/h4><div class=\"w-flipbox-back-desc\"><p>Contact: Florian Anghelache<br \/>\nTelefon: +40 372 030 333<br \/>\nE-mail: office@isyspro.ro<br \/>\nWebsite: www.isyspro.ro<\/p>\n<\/div><\/div><\/div><\/div><\/div><a target=\"_blank\" rel=\"nofollow\" href=\"http:\/\/i-track.ro\/\"><\/a><\/div><div class=\"w-separator size_small\"><\/div><div class=\"wpb_text_column us_custom_6df4bc3a has_text_color\"><div class=\"wpb_wrapper\"><p style=\"text-align: left;\">Av\u00e2nd experien\u021b\u0103 \u00een dezvoltarea de solu\u021bii cloud, iSYS Professional (Rom\u00e2nia) cunoa\u0219te foarte bine mediile opera\u021bionale, \u00een special distribu\u021bia, transportul \u0219i managementul serviciilor. Compania se num\u0103r\u0103 printre primii 5 furnizori de servicii telematice\/TSP din Rom\u00e2nia. \u00cen prezent, iSYS, care monitorizeaz\u0103 peste 25000 de vehicule, ofer\u0103 serviciile sale (SaaS) companiilor locale. Compania are un parteneriat cu unul dintre cei mai mari operatori de telecomunica\u021bii din Rom\u00e2nia \u0219i are o bun\u0103 vizibilitate pe pia\u021b\u0103.<\/p>\n<\/div><\/div><\/div><\/div><\/div><div class=\"vc_col-sm-4 wpb_column vc_column_container\"><div class=\"vc_column-inner\"><div class=\"wpb_wrapper\"><div class=\"w-flipbox animation_cubetilt direction_n\"><div class=\"w-flipbox-h easing_ease\" style=\"transition-duration:0.4s;\"><div class=\"w-flipbox-hh\"><div class=\"w-flipbox-front us_custom_4b7c0ab9\" style=\"background-image:url(https:\/\/iroute.eu\/wp-content\/uploads\/2020\/12\/upb.png);\"><div class=\"w-flipbox-front-h\"><\/div><\/div><div class=\"w-flipbox-back us_custom_4b7c0ab9\" style=\"display:none;background:var(--color-content-text);color:var(--color-content-bg);\"><div class=\"w-flipbox-back-h\"><h4 class=\"w-flipbox-back-title\">University Politehnica of Bucharest<\/h4><div class=\"w-flipbox-back-desc\"><p>Contact: Bujor Pavaloiu<br \/>\nE-mail: klingo_w@yahoo.com<br \/>\nWebsite: www.upb.ro<\/p>\n<\/div><\/div><\/div><\/div><\/div><a target=\"_blank\" rel=\"nofollow\" href=\"https:\/\/upb.ro\/en\/\"><\/a><\/div><div class=\"w-separator size_small\"><\/div><div class=\"wpb_text_column us_custom_6df4bc3a has_text_color\"><div class=\"wpb_wrapper\"><p style=\"text-align: left;\">Echipa UPB (Rom\u00e2nia) are foarte mult\u0103 experien\u021b\u0103 \u00een dezvoltarea de sisteme software \u0219i hardware din proiectele de cercetare anterioare (Eureka Questor, Eurostar i-Bracelet, Eurostar i-Light). Echipa are o bun\u0103 expertiz\u0103 \u00een algoritmi, TIC medicale, senzori \u0219i re\u021bele. Acesta va asigura suportul academic at\u00e2t \u00een \u200b\u200bhardware c\u00e2t \u0219i \u00een software, concentr\u00e2ndu-se mai ales pe algoritmii pentru AI \u0219i procesarea datelor.<\/p>\n<\/div><\/div><\/div><\/div><\/div><div class=\"vc_col-sm-4 wpb_column vc_column_container\"><div class=\"vc_column-inner\"><div class=\"wpb_wrapper\"><div class=\"w-flipbox animation_cubetilt direction_n\"><div class=\"w-flipbox-h easing_ease\" style=\"transition-duration:0.4s;\"><div class=\"w-flipbox-hh\"><div class=\"w-flipbox-front us_custom_4b7c0ab9\" style=\"background-image:url(https:\/\/iroute.eu\/wp-content\/uploads\/2020\/12\/inden-d.o.o.png);\"><div class=\"w-flipbox-front-h\"><\/div><\/div><div class=\"w-flipbox-back us_custom_4b7c0ab9\" style=\"display:none;background:var(--color-content-text);color:var(--color-content-bg);\"><div class=\"w-flipbox-back-h\"><h4 class=\"w-flipbox-back-title\">Inden d.o.o.<\/h4><div class=\"w-flipbox-back-desc\"><p>Contact: Andra\u017e \u017dertek<br \/>\nTelefon: +386 40 840 510<br \/>\nE-mail: andraz.zertek@inden.si<br \/>\nWebsite: www.inden.si<\/p>\n<\/div><\/div><\/div><\/div><\/div><a target=\"_blank\" rel=\"nofollow\" href=\"https:\/\/www.inden.si\/en\/\"><\/a><\/div><div class=\"w-separator size_small\"><\/div><div class=\"wpb_text_column us_custom_6df4bc3a has_text_color\"><div class=\"wpb_wrapper\"><p style=\"text-align: left;\">Expertiza Inden (Slovenia) acoper\u0103 domeniul proiect\u0103rii, dezvolt\u0103rii \u0219i test\u0103rii solu\u021biilor de analiz\u0103 a datelor. Aceasta include definirea problemelor \u0219i crearea de prototipuri de dovad\u0103 a conceptului, dezvoltarea demonstra\u021biilor la scar\u0103 mic\u0103 \u0219i proiectarea arhitecturii scalabile pentru implementarea la scar\u0103 larg\u0103. Unele dintre principalele noastre expertize includ \u00een\u021belegerea aprofundat\u0103 a gamei largi de cadre de tehnologii de date, cum ar fi cadre de integrare \u0219i conducte, cadre analitice pentru procesarea datelor \u0219i dezvoltarea serviciilor de date.<\/p>\n<\/div><\/div><\/div><\/div><\/div><\/div><\/div><\/section>\n","protected":false},"excerpt":{"rendered":"Consor\u021biuiSYS Professional, UPB &amp; Inden d.o.o. Proiectul iRoute este o ini\u021biativ\u0103 comun\u0103 a 3 organiza\u021bii din Rom\u00e2nia \u0219i Slovenia, cu dou\u0103 companii comerciale \u0219i o universitate public\u0103. To\u021bi au experien\u021b\u0103 \u00een proiecte de cercetare \u0219i dezvoltare, iar rezultatele lor le sus\u021bin obiectivul de a construi o astfel de solu\u021bie complex\u0103 \u0219i flexibil\u0103. iSYS ProfessionalContact: Florian...","protected":false},"author":1,"featured_media":0,"parent":0,"menu_order":0,"comment_status":"closed","ping_status":"closed","template":"","meta":{"_acf_changed":false,"_monsterinsights_skip_tracking":false,"_monsterinsights_sitenote_active":false,"_monsterinsights_sitenote_note":"","_monsterinsights_sitenote_category":0,"footnotes":""},"class_list":["post-7751","page","type-page","status-publish","hentry"],"acf":[],"_links":{"self":[{"href":"https:\/\/iroute.eu\/ro\/wp-json\/wp\/v2\/pages\/7751","targetHints":{"allow":["GET"]}}],"collection":[{"href":"https:\/\/iroute.eu\/ro\/wp-json\/wp\/v2\/pages"}],"about":[{"href":"https:\/\/iroute.eu\/ro\/wp-json\/wp\/v2\/types\/page"}],"author":[{"embeddable":true,"href":"https:\/\/iroute.eu\/ro\/wp-json\/wp\/v2\/users\/1"}],"replies":[{"embeddable":true,"href":"https:\/\/iroute.eu\/ro\/wp-json\/wp\/v2\/comments?post=7751"}],"version-history":[{"count":7,"href":"https:\/\/iroute.eu\/ro\/wp-json\/wp\/v2\/pages\/7751\/revisions"}],"predecessor-version":[{"id":7782,"href":"https:\/\/iroute.eu\/ro\/wp-json\/wp\/v2\/pages\/7751\/revisions\/7782"}],"wp:attachment":[{"href":"https:\/\/iroute.eu\/ro\/wp-json\/wp\/v2\/media?parent=7751"}],"curies":[{"name":"wp","href":"https:\/\/api.w.org\/{rel}","templated":true}]}}