{"id":7756,"date":"2021-12-09T17:34:55","date_gmt":"2021-12-09T15:34:55","guid":{"rendered":"https:\/\/iroute.eu\/abordare\/"},"modified":"2022-12-05T12:33:11","modified_gmt":"2022-12-05T10:33:11","slug":"abordare","status":"publish","type":"page","link":"https:\/\/iroute.eu\/ro\/abordare\/","title":{"rendered":"Abordare"},"content":{"rendered":"<section class=\"l-section wpb_row height_custom color_primary with_img parallax_ver\"><div class=\"l-section-img\" role=\"img\" data-img-width=\"1920\" data-img-height=\"1080\" style=\"background-image: url(https:\/\/iroute.eu\/wp-content\/uploads\/2020\/12\/News_Analysis_3_06_191.jpg);\"><\/div><div class=\"l-section-overlay\" style=\"background:rgba(10,10,10,0.7)\"><\/div><div class=\"l-section-h i-cf\"><div class=\"g-cols vc_row via_flex valign_top type_default stacking_default\"><div class=\"vc_col-sm-12 wpb_column vc_column_container\"><div class=\"vc_column-inner\"><div class=\"wpb_wrapper\"><h1 class=\"w-post-elm post_title align_center entry-title color_link_inherit\">Abordare<\/h1><div class=\"wpb_text_column\"><div class=\"wpb_wrapper\"><h6 style=\"text-align: center;\">O solu\u021bie inovatoare, pentru IMM-uri<\/h6>\n<\/div><\/div><div class=\"w-separator size_small\"><\/div><div class=\"w-iconbox iconpos_top style_default color_custom align_center no_text no_title\"><div class=\"w-iconbox-icon\" style=\"font-size:2rem;\"><i class=\"far fa-chevron-down\"><\/i><\/div><div class=\"w-iconbox-meta\"><\/div><\/div><\/div><\/div><\/div><\/div><\/div><\/section><section class=\"l-section wpb_row height_custom color_alternate\"><div class=\"l-section-h i-cf\"><div class=\"g-cols vc_row via_flex valign_top type_default stacking_default\"><div class=\"vc_col-sm-12 wpb_column vc_column_container\"><div class=\"vc_column-inner\"><div class=\"wpb_wrapper\"><div class=\"wpb_text_column\"><div class=\"wpb_wrapper\"><p style=\"text-align: center;\">Pentru furnizorii de servicii de transport, \u021binerea pasului cu cerin\u021bele pie\u021bei a devenit din ce \u00een ce mai complex\u0103. Gestionarea comenzilor, colectarea \u0219i livrarea m\u0103rfurilor reprezint\u0103 o provocare pentru multe companii. Pe m\u0103sur\u0103 ce cursa competitiv\u0103 cre\u0219te, multe companii caut\u0103 noi solu\u021bii, dezvolt\u0103 noi procese interne \u0219i evalueaz\u0103 noi modele de generare de venituri \u0219i profit.<\/p>\n<\/div><\/div><div class=\"w-separator size_small\"><\/div><\/div><\/div><\/div><\/div><\/div><\/section><section class=\"l-section wpb_row height_custom\"><div class=\"l-section-h i-cf\"><div class=\"g-cols vc_row via_flex valign_top type_default stacking_default\"><div class=\"vc_col-sm-12 wpb_column vc_column_container\"><div class=\"vc_column-inner\"><div class=\"wpb_wrapper\"><div class=\"wpb_text_column\"><div class=\"wpb_wrapper\"><p style=\"text-align: left;\">Dorim s\u0103 dezvolt\u0103m o solu\u021bie inovatoare de inteligen\u021b\u0103 artificial\u0103 pentru IMM-uri, care se bazeaz\u0103 pe mai mul\u021bi furnizori de solu\u021bii software pentru a-\u0219i \u00eembun\u0103t\u0103\u021bi fluxurile opera\u021bionale logistice. iRoute se refer\u0103 la planificarea \u0219i optimizarea resurselor, cum ar fi vehicule, \u0219oferi \u0219i speciali\u0219ti pentru gestionarea comenzilor clien\u021bilor finali.<\/p>\n<p style=\"text-align: left;\">Proiectul va urma un Model Spiral de Dezvoltare Software, menit s\u0103 atenueze riscurile care apar \u00eentr-un proiect de cercetare. Sistemul va avea o arhitectur\u0103 distribuit\u0103, slab cuplat\u0103, compus\u0103 din urm\u0103toarele componente principale: aplica\u021bie de baz\u0103, date de intrare externe, integrare cu sistemele clientului, aplica\u021bii pentru utilizatorul final, web \u0219i mobil, Business Inteligence pentru rapoarte dinamice \u0219i algoritmi de inteligen\u021b\u0103 artificial\u0103 \u0219i machine learning pentru detectarea tiparelor ascunse \u00een datele existente care pot influen\u021ba execu\u021biile rutelor.<\/p>\n<p style=\"text-align: left;\">Planul de ac\u021biune este \u00eemp\u0103r\u021bit \u00een pachete de lucru, ale c\u0103ror structuri reflect\u0103 at\u00e2t expertiza complementar\u0103 a partenerilor Consor\u021biului, c\u00e2t \u0219i etapele ulterioare de-a lungul c\u0103ii de dezvoltare.<\/p>\n<\/div><\/div><\/div><\/div><\/div><\/div><\/div><\/section>\n","protected":false},"excerpt":{"rendered":"AbordareO solu\u021bie inovatoare, pentru IMM-uri Pentru furnizorii de servicii de transport, \u021binerea pasului cu cerin\u021bele pie\u021bei a devenit din ce \u00een ce mai complex\u0103. Gestionarea comenzilor, colectarea \u0219i livrarea m\u0103rfurilor reprezint\u0103 o provocare pentru multe companii. Pe m\u0103sur\u0103 ce cursa competitiv\u0103 cre\u0219te, multe companii caut\u0103 noi solu\u021bii, dezvolt\u0103 noi procese interne \u0219i evalueaz\u0103 noi modele...","protected":false},"author":1,"featured_media":0,"parent":0,"menu_order":0,"comment_status":"closed","ping_status":"closed","template":"","meta":{"_acf_changed":false,"_monsterinsights_skip_tracking":false,"_monsterinsights_sitenote_active":false,"_monsterinsights_sitenote_note":"","_monsterinsights_sitenote_category":0,"footnotes":""},"class_list":["post-7756","page","type-page","status-publish","hentry"],"acf":[],"_links":{"self":[{"href":"https:\/\/iroute.eu\/ro\/wp-json\/wp\/v2\/pages\/7756","targetHints":{"allow":["GET"]}}],"collection":[{"href":"https:\/\/iroute.eu\/ro\/wp-json\/wp\/v2\/pages"}],"about":[{"href":"https:\/\/iroute.eu\/ro\/wp-json\/wp\/v2\/types\/page"}],"author":[{"embeddable":true,"href":"https:\/\/iroute.eu\/ro\/wp-json\/wp\/v2\/users\/1"}],"replies":[{"embeddable":true,"href":"https:\/\/iroute.eu\/ro\/wp-json\/wp\/v2\/comments?post=7756"}],"version-history":[{"count":4,"href":"https:\/\/iroute.eu\/ro\/wp-json\/wp\/v2\/pages\/7756\/revisions"}],"predecessor-version":[{"id":7828,"href":"https:\/\/iroute.eu\/ro\/wp-json\/wp\/v2\/pages\/7756\/revisions\/7828"}],"wp:attachment":[{"href":"https:\/\/iroute.eu\/ro\/wp-json\/wp\/v2\/media?parent=7756"}],"curies":[{"name":"wp","href":"https:\/\/api.w.org\/{rel}","templated":true}]}}